{"id":17831,"date":"2024-11-29T11:22:19","date_gmt":"2024-11-29T11:22:19","guid":{"rendered":"https:\/\/test.caballoregalado.com\/colecciones\/"},"modified":"2025-05-28T15:39:48","modified_gmt":"2025-05-28T15:39:48","slug":"colecciones","status":"publish","type":"page","link":"https:\/\/caballoregalado.com\/ca\/colecciones\/","title":{"rendered":"Colecciones"},"content":{"rendered":"\t\t<div data-elementor-type=\"wp-page\" data-elementor-id=\"17831\" class=\"elementor elementor-17831 elementor-17309\" data-elementor-post-type=\"page\">\n\t\t\t\t<div class=\"elementor-element elementor-element-3e32e31 e-flex e-con-boxed e-con e-parent\" data-id=\"3e32e31\" data-element_type=\"container\" data-e-type=\"container\">\n\t\t\t\t\t<div class=\"e-con-inner\">\n\t\t<div class=\"elementor-element elementor-element-d15ad48 e-con-full e-flex e-con e-child\" data-id=\"d15ad48\" data-element_type=\"container\" data-e-type=\"container\">\n\t\t\t\t<div class=\"elementor-element elementor-element-3b9c03a elementor-align-center elementor-invisible elementor-widget elementor-widget-etheme_advanced_headline\" data-id=\"3b9c03a\" data-element_type=\"widget\" data-e-type=\"widget\" data-settings=\"{&quot;_animation&quot;:&quot;fadeIn&quot;,&quot;_animation_mobile&quot;:&quot;none&quot;}\" data-widget_type=\"etheme_advanced_headline.default\">\n\t\t\t\t<div class=\"elementor-widget-container\">\n\t\t\t\t\t        \r\n        <div class=\"etheme-a-h-wrapper etheme-a-h-line-under\">\r\n        \r\n            <div class=\"etheme-advanced-headline-heading-wrapper\">\r\n        <h2 class=\"etheme-advanced-headline\">\r\n\r\n            Colecciones\r\n        <\/h2>\r\n\t\t\r\n            <div class=\"etheme-advanced-headline-divider\"><\/div><\/div>        \r\n        <\/div>\r\n        \r\n\t\t\t\t\t\t<\/div>\n\t\t\t\t<\/div>\n\t\t\t\t<div class=\"elementor-element elementor-element-abefeb2 elementor-widget elementor-widget-text-editor\" data-id=\"abefeb2\" data-element_type=\"widget\" data-e-type=\"widget\" data-widget_type=\"text-editor.default\">\n\t\t\t\t<div class=\"elementor-widget-container\">\n\t\t\t\t\t\t\t\t\tDescubre nuestras exclusivas colecciones de minilibros, donde cada tema cobra vida en un formato compacto y encantador. Perfectos para quienes buscan inspiraci\u00f3n, conocimiento o entretenimiento en peque\u00f1as dosis. Explora una variedad de tem\u00e1ticas cuidadosamente seleccionadas y encuentra tu pr\u00f3xima joya literaria. \u00a1Sum\u00e9rgete en el placer de leer, p\u00e1gina a p\u00e1gina, colecci\u00f3n tras colecci\u00f3n!\t\t\t\t\t\t\t\t<\/div>\n\t\t\t\t<\/div>\n\t\t\t\t<\/div>\n\t\t\t\t\t<\/div>\n\t\t\t\t<\/div>\n\t\t\t\t<section class=\"elementor-section elementor-top-section elementor-element elementor-element-7b0e7adb elementor-section-stretched elementor-reverse-mobile elementor-reverse-tablet elementor-section-boxed elementor-section-height-default elementor-section-height-default\" data-id=\"7b0e7adb\" data-element_type=\"section\" data-e-type=\"section\" data-settings=\"{&quot;stretch_section&quot;:&quot;section-stretched&quot;}\">\n\t\t\t\t\t\t<div class=\"elementor-container elementor-column-gap-custom\">\n\t\t\t\t\t<div class=\"elementor-column elementor-col-100 elementor-top-column elementor-element elementor-element-3a3ef4ae\" data-id=\"3a3ef4ae\" data-element_type=\"column\" data-e-type=\"column\">\n\t\t\t<div class=\"elementor-widget-wrap elementor-element-populated\">\n\t\t\t\t\t\t\t<\/div>\n\t\t<\/div>\n\t\t\t\t\t<\/div>\n\t\t<\/section>\n\t\t\t\t<\/div>\n\t\t","protected":false},"excerpt":{"rendered":"<p>Colecciones Descubre nuestras exclusivas colecciones de minilibros, donde cada tema cobra vida en un formato compacto y encantador. Perfectos para quienes buscan inspiraci\u00f3n, conocimiento o&#8230;<\/p>\n","protected":false},"author":49,"featured_media":0,"parent":0,"menu_order":0,"comment_status":"closed","ping_status":"closed","template":"elementor_header_footer","meta":{"footnotes":""},"class_list":["post-17831","page","type-page","status-publish","hentry"],"_links":{"self":[{"href":"https:\/\/caballoregalado.com\/ca\/wp-json\/wp\/v2\/pages\/17831","targetHints":{"allow":["GET"]}}],"collection":[{"href":"https:\/\/caballoregalado.com\/ca\/wp-json\/wp\/v2\/pages"}],"about":[{"href":"https:\/\/caballoregalado.com\/ca\/wp-json\/wp\/v2\/types\/page"}],"author":[{"embeddable":true,"href":"https:\/\/caballoregalado.com\/ca\/wp-json\/wp\/v2\/users\/49"}],"replies":[{"embeddable":true,"href":"https:\/\/caballoregalado.com\/ca\/wp-json\/wp\/v2\/comments?post=17831"}],"version-history":[{"count":3,"href":"https:\/\/caballoregalado.com\/ca\/wp-json\/wp\/v2\/pages\/17831\/revisions"}],"predecessor-version":[{"id":19721,"href":"https:\/\/caballoregalado.com\/ca\/wp-json\/wp\/v2\/pages\/17831\/revisions\/19721"}],"wp:attachment":[{"href":"https:\/\/caballoregalado.com\/ca\/wp-json\/wp\/v2\/media?parent=17831"}],"curies":[{"name":"wp","href":"https:\/\/api.w.org\/{rel}","templated":true}]}}