{"id":6724,"date":"2018-06-25T12:39:23","date_gmt":"2018-06-25T12:39:23","guid":{"rendered":"https:\/\/test.caballoregalado.com\/politica-de-cookies\/"},"modified":"2019-03-06T12:40:28","modified_gmt":"2019-03-06T12:40:28","slug":"politica-de-cookies","status":"publish","type":"page","link":"https:\/\/caballoregalado.com\/ca\/politica-de-cookies\/","title":{"rendered":"Pol\u00edtica de cookies"},"content":{"rendered":"<h1>POL\u00cdTICA DE COOKIES<\/h1>\n<h2>Informaci\u00f3 general<\/h2>\n<p>Respectant el que estableix la legislaci\u00f3 vigent, Don Dami\u00e1n Dichi Rusansky amb NIF 49898282N propietari de l&#8217;editorial Caballo Regalado (marca registrada a OEPM), d&#8217;ara endavant &#8221; Caballo Regalado&#8221;) i titular del lloc web d&#8217;aquesta editora: &#8220;www.caballoregalado.com &#8220;(des d&#8217;ara, tamb\u00e9&#8221; Lloc Web &#8220;) es compromet a adoptar les mesures t\u00e8cniques i organitzatives necess\u00e0ries, segons el nivell de seguretat adequat al risc de les dades recollides i informa sobre la seva pol\u00edtica de cookies en aquest document.<\/p>\n<h2>Pol\u00edtica de cookies<\/h2>\n<p>L&#8217;acc\u00e9s a aquest lloc web pot implicar la utilitzaci\u00f3 de cookies. Les cookies s\u00f3n petites quantitats d&#8217;informaci\u00f3 que s&#8217;emmagatzemen en el navegador utilitzat per cada usuari -en els diferents dispositius que pugui utilitzar per navegar- perqu\u00e8 el servidor recordi certa informaci\u00f3 que posteriorment i \u00fanicament el servidor que la va implementar llegir\u00e0. Les cookies, per tant, faciliten la navegaci\u00f3, la fan m\u00e9s amigable, i no malmeten el dispositiu de navegaci\u00f3. La informaci\u00f3 recollida a trav\u00e9s de les galetes pot incloure la data i hora de visites al lloc web, les p\u00e0gines visionades, el temps que ha estat en el Lloc Web i els llocs visitats just abans i despr\u00e9s del mateix. No obstant aix\u00f2, cap galeta permet que aquesta mateixa pugui contactar-se amb el n\u00famero de tel\u00e8fon de l&#8217;Usuari o amb qualsevol altre mitj\u00e0 de contacte personal. Cap cookie pot extreure informaci\u00f3 del disc dur de l&#8217;usuari o robar informaci\u00f3 personal. L&#8217;\u00fanica manera que la informaci\u00f3 privada de l&#8217;Usuari formi part de l&#8217;arxiu Cookie \u00e9s que l&#8217;usuari doni personalment aquesta informaci\u00f3 al servidor. Les cookies que permeten identificar una persona es consideren dades personals. Per tant, a les mateixes els ser\u00e0 d&#8217;aplicaci\u00f3 la pol\u00edtica de privadesa reflectida en el text legal a aquest efecte que es troba en el present Lloc Web de Caballo Regalado. En aquest sentit, per a la utilitzaci\u00f3 de les mateixes ser\u00e0 necessari el consentiment de l&#8217;Usuari. Aquest consentiment s&#8217;ha de comunicar, d&#8217;acord amb una elecci\u00f3 aut\u00e8ntica, ofert mitjan\u00e7ant una decisi\u00f3 afirmativa i positiva, abans del tractament inicial, removible i documentat. A aquest efecte, expressament es consideraran en aquest sentit, o d&#8217;aquest tipus, les que provinguin de l&#8217;\u00fas de missatges de correu electr\u00f2nic, formularis o missatges emesos \/ rebuts en aplicacions de tercers, sistemes de missatgeria virtual de xarxes socials, etc.<\/p>\n<h2>Cookies pr\u00f2pies<\/h2>\n<p>S\u00f3n aquelles galetes que s\u00f3n a l&#8217;ordinador o dispositiu de l&#8217;Usuari i gestionades exclusivament per Caballo Regalado per al millor funcionament del Lloc Web. La informaci\u00f3 que es recull s&#8217;empra per millorar la qualitat del lloc web i el seu contingut i la seva experi\u00e8ncia com a Usuari. Aquestes galetes permeten recon\u00e8ixer a l&#8217;Usuari com a visitant recurrent del lloc web i adaptar el contingut per oferir-continguts que s&#8217;ajustin a les seves prefer\u00e8ncies. Cookies de tercers S\u00f3n galetes utilitzades i gestionades per entitats externes que proporcionen a Caballo Regalado serveis sol\u00b7licitats per aquest mateix per millorar el lloc web i l&#8217;experi\u00e8ncia de l&#8217;usuari en navegar en el Lloc Web. Els principals objectius per als quals s&#8217;utilitzen galetes de tercers s\u00f3n l&#8217;obtenci\u00f3 d&#8217;estad\u00edstiques d&#8217;accessos i analitzar la informaci\u00f3 de la navegaci\u00f3, \u00e9s a dir, com interactua l&#8217;usuari amb el Lloc Web. La informaci\u00f3 que s&#8217;obt\u00e9 es refereix, per exemple, al nombre de p\u00e0gines visitades, l&#8217;idioma, el lloc a qu\u00e8 l&#8217;adre\u00e7a IP des del qual accedeix l&#8217;Usuari, el nombre d&#8217;usuaris que accedeixen, la freq\u00fc\u00e8ncia i reincid\u00e8ncia de les visites, el temps de visita, el navegador que fan servir, l&#8217;operador o tipus de dispositiu des del qual es realitza la visita. Aquesta informaci\u00f3 s&#8217;utilitza per millorar el Lloc Web, i detectar noves necessitats per oferir als Usuaris un Contingut i \/ o servei d&#8217;\u00f2ptima qualitat. En tot cas, la informaci\u00f3 es recopila de forma an\u00f2nima i s&#8217;elaboren informes de tend\u00e8ncies del lloc web sense identificar a usuaris individuals. Podeu obtenir m\u00e9s informaci\u00f3 sobre les cookies, la informaci\u00f3 sobre la privacitat, o consultar la descripci\u00f3 del tipus de cookies que s&#8217;utilitza, les seves principals caracter\u00edstiques, per\u00edode d&#8217;expiraci\u00f3, etc. en els enlla\u00e7os que proporciona Google respecte al seu servei Google Analytics. Google, com a entitat encarregada del servei \/ subministrament de cookies podr\u00e0, cedir la informaci\u00f3 a tercers, sempre que ho exigeixi la llei o sigui un tercer el que processi aquesta informaci\u00f3 per a aquestes entitats.<\/p>\n<h2>Cookies de xarxes socials<\/h2>\n<p>Caballo Regalado incorpora enlla\u00e7os i connectors de xarxes socials, via WordPress i altres eines, que permeten accedir-hi a partir del Lloc Web. Per aquesta ra\u00f3, les cookies de xarxes socials poden emmagatzemar al navegador de l&#8217;Usuari. Els titulars d&#8217;aquestes xarxes socials disposen de les seves pr\u00f2pies pol\u00edtiques de protecci\u00f3 de dades i de cookies, sent ells mateixos, en cada cas, responsables dels seus propis fitxers i de les seves pr\u00f2pies pr\u00e0ctiques de privacitat. L&#8217;Usuari ha de referir-se a les mateixes per a informar-se sobre aquestes cookies i, si escau, del tractament de les seves dades personals. \u00danicament a t\u00edtol informatiu s&#8217;indiquen a continuaci\u00f3 els enlla\u00e7os en els quals es poden consultar aquestes pol\u00edtiques de privacitat i \/ o de cookies:<\/p>\n<p><strong>\u00b7<\/strong> Facebook: https:\/\/www.facebook.com\/policies\/cookies\/<br \/>\n<strong>\u00b7<\/strong> Twitter: https:\/\/twitter.com\/es\/privacy<br \/>\n<strong>\u00b7<\/strong> Instagram: https:\/\/help.instagram.com\/1896641480634370?ref=ig<br \/>\n<strong>\u00b7<\/strong> Youtube: https:\/\/policies.google.com\/privacy?hl=es-419&amp;gl=mx<br \/>\n<strong>\u00b7<\/strong> Google+: https:\/\/policies.google.com\/technologies\/cookies?hl=es<br \/>\n<strong>\u00b7<\/strong> Pinterest: https:\/\/policy.pinterest.com\/es\/privacy-policy<br \/>\n<strong>\u00b7<\/strong> LinkedIn: https:\/\/www.linkedin.com\/legal\/cookie-policy?trk=hp-cookies<\/p>\n<p>Desactivar, rebutjar i eliminar cookies L&#8217;usuari pot desactivar, rebutjar i eliminar les galetes -total o parcialment- instal\u00b7lades en el seu dispositiu mitjan\u00e7ant la configuraci\u00f3 del seu navegador (entre els quals es troben, per exemple, Chrome, Firefox, Safari, Explorer). En aquest sentit, els procediments per rebutjar i eliminar les galetes poden diferir d&#8217;un navegador d&#8217;Internet a un altre. En conseq\u00fc\u00e8ncia, l&#8217;Usuari ha d&#8217;anar a les instruccions facilitades pel propi navegador d&#8217;Internet que utilitzeu. En el cas que rebutgi l&#8217;\u00fas de cookies -total o parcialment- podr\u00e0 seguir utilitzant el Lloc Web, si b\u00e9 podr\u00e0 tenir limitada la utilitzaci\u00f3 d&#8217;algunes de les prestacion.<\/p>\n<h2>Acceptaci\u00f3 i canvis en aquesta pol\u00edtica de cookies<\/h2>\n<p>Cal que l&#8217;Usuari hagi llegit i estigui d&#8217;acord amb aquesta Pol\u00edtica de Cookies, aix\u00ed com que accepti el tractament de les seves dades personals perqu\u00e8 el Responsable del tractament pugui procedir al mateix en la forma, durant els terminis i per a les finalitats indicades. L&#8217;\u00fas del lloc web sempre i en qualsevol cas implicar\u00e0 l&#8217;acceptaci\u00f3 de la Pol\u00edtica de Privadesa i d&#8217;Cookies d&#8217;aquest. Caballo Regalado es reserva el dret a modificar la seva Pol\u00edtica de Cookies, d&#8217;acord al seu propi criteri, o motivat per un canvi legislatiu, jurisprudencial o doctrinal. Aquesta Pol\u00edtica de Cookies va ser actualitzada el dia 30 d&#8217;octubre 2018 per adaptar-se a la legislaci\u00f3 vigent.<\/p>\n","protected":false},"excerpt":{"rendered":"<p>POL\u00cdTICA DE COOKIES Informaci\u00f3 general Respectant el que estableix la legislaci\u00f3 vigent, Don Dami\u00e1n Dichi Rusansky amb NIF 49898282N propietari de l&#8217;editorial Caballo Regalado (marca&#8230;<\/p>\n","protected":false},"author":7,"featured_media":0,"parent":0,"menu_order":0,"comment_status":"closed","ping_status":"closed","template":"","meta":{"footnotes":""},"class_list":["post-6724","page","type-page","status-publish","hentry"],"_links":{"self":[{"href":"https:\/\/caballoregalado.com\/ca\/wp-json\/wp\/v2\/pages\/6724","targetHints":{"allow":["GET"]}}],"collection":[{"href":"https:\/\/caballoregalado.com\/ca\/wp-json\/wp\/v2\/pages"}],"about":[{"href":"https:\/\/caballoregalado.com\/ca\/wp-json\/wp\/v2\/types\/page"}],"author":[{"embeddable":true,"href":"https:\/\/caballoregalado.com\/ca\/wp-json\/wp\/v2\/users\/7"}],"replies":[{"embeddable":true,"href":"https:\/\/caballoregalado.com\/ca\/wp-json\/wp\/v2\/comments?post=6724"}],"version-history":[{"count":0,"href":"https:\/\/caballoregalado.com\/ca\/wp-json\/wp\/v2\/pages\/6724\/revisions"}],"wp:attachment":[{"href":"https:\/\/caballoregalado.com\/ca\/wp-json\/wp\/v2\/media?parent=6724"}],"curies":[{"name":"wp","href":"https:\/\/api.w.org\/{rel}","templated":true}]}}