{"id":6732,"date":"2018-06-25T13:01:40","date_gmt":"2018-06-25T13:01:40","guid":{"rendered":"https:\/\/test.caballoregalado.com\/enviaments-i-devolucions\/"},"modified":"2019-03-06T12:30:48","modified_gmt":"2019-03-06T12:30:48","slug":"enviaments-i-devolucions","status":"publish","type":"page","link":"https:\/\/caballoregalado.com\/ca\/enviaments-i-devolucions\/","title":{"rendered":"Condicions de compra"},"content":{"rendered":"<h1>Condicions de compra de llibres i productes en el lloc web<\/h1>\n<h2>Informaci\u00f3 general<\/h2>\n<p>Respectant el que estableix la legislaci\u00f3 vigent, Don Dami\u00e1n Dichi Rusansky amb NIF 49898282N i domicili fiscal carrer Guifre, 4, 2-4, de (08001) Barcelona, actuant en qualitat de propietari de l&#8217;editorial Caballo Regalado (d&#8217;ara endavant: &#8221; Caballo Regalado &#8220;), amb marca en registrada a OEPM i titular del lloc web d&#8217;aquesta editora:&#8221; www.caballoregalado.com &#8220;(en endavant, tamb\u00e9&#8221; Lloc Web &#8220;) exposa les condicions de compra de productes a la venda al seu editorial, mitjan\u00e7ant el servei \/ enlla\u00e7 de botiga en l\u00ednia habilitada en el present lloc web.<\/p>\n<h2>Dades fiscals del venedor<\/h2>\n<p>Dami\u00e1n Dichi Rusansky<br \/>\ncarrer Guifre, 4, 2-4<br \/>\n08001 Barcelona (Barcelona)<br \/>\nNIF: 49898282N<\/p>\n<h2>Botiga online<\/h2>\n<p>La compra de productes no nom\u00e9s es realitza a trav\u00e9s d&#8217; www.caballoregalado.com, sin\u00f3 tamb\u00e9 mitjan\u00e7ant els connectors externs i sistemes de botiga en l\u00ednia d&#8217;altres prove\u00efdors inform\u00e0tics i \/ o bancaris; per la qual cosa Caballo Regalado no garanteix l&#8217;autenticitat dels productes no adquirits a trav\u00e9s d&#8217;aquest mitj\u00e0, d&#8217;aquest Lloc Web.<br \/>\nAl realitzar la compra comprova que l&#8217;exemplar \/ si el preu \/ s siguin el \/ s correctes ja que NO s&#8217;admetran canvis ni devolucions, excepte en cas d&#8217;un altre tipus d&#8217;errors i \/ o fallades derivats de la gesti\u00f3, lliurament o del producte en si, per\u00f2 no en relaci\u00f3 a l&#8217;elecci\u00f3 final del producte \/ s per part del comprador i \/ o Usuari del Lloc Web. Els &#8216;packs&#8217; de llibres o altres productes a la venda s\u00f3n indivisibles i no intercanviables per altres refer\u00e8ncies diferents de les que expressament es mostrin en aquest paquet.<br \/>\nCaballo Regalado es reserva el dret a canviar els preus dels seus productes en qualsevol moment, sense previ av\u00eds i simplement modificant-lo en la seva p\u00e0gina web; no afectant aquest canvi de preu (sigui de pujada o o de baixada) nom\u00e9s a les comandes que ja estiguin en curs en aquest moment pel preu anterior pel qual s&#8217;hagi efectuat la compra.<\/p>\n<h2>Pol\u00edtica d&#8217;enviaments<\/h2>\n<p>Els preus associats a l&#8217;enviament dels llibres i \/ o qualsevol producte a la venda en el Lloc Web dependran sempre i en qualsevol cas del pa\u00eds de resid\u00e8ncia del comprador; sent el detall dels mateixos en funci\u00f3 de la destinaci\u00f3 de la comanda, el seg\u00fcent:<\/p>\n<p><strong>-Espanya (Pen\u00ednsula):<\/strong> Totes les compres s&#8217;enviaran gratu\u00eftament pel servei proporcionat per Packlink PRO d&#8217;Espanya amb un temps aproximat de lliurament d&#8217;uns tres a quatre dies laborables si la compra \u00e9s igual o superior als 24,00 \u20ac. Si la compra \u00e9s inferior a l&#8217;esmentada quantitat se sumar\u00e0 a l&#8217;import final de venda 5,00 \u20ac (IVA incl\u00f2s) amb un temps aproximat d&#8217;entrega de 24\/48 hores o de \u20ac 4,00 (IVA incl\u00f2s) amb un temps aproximat d&#8217;entrega de 72 hores en concepte de despeses d&#8217;enviament per cada comanda.<\/p>\n<p><strong>-Balears:<\/strong> Totes les compres s&#8217;enviaran gratu\u00eftament pel servei proporcionat per Packlink PRO d&#8217;Espanya amb un temps aproximat de lliurament d&#8217;uns tres a quatre dies laborables si la compra \u00e9s igual o superior als 35,00 \u20ac. Si la compra \u00e9s inferior a l&#8217;esmentada quantitat se sumar\u00e0 a l&#8217;import final de venda 8,70 \u20ac (IVA incl\u00f2s) amb un temps aproximat d&#8217;entrega de 24\/48 hores o de \u20ac 6,30 (IVA incl\u00f2s) amb un temps aproximat d&#8217;entrega de 72 hores en concepte de despeses d&#8217;enviament per cada comanda.<\/p>\n<p><strong>-Can\u00e0ries:<\/strong> Totes les compres s&#8217;enviaran gratu\u00eftament pel servei proporcionat per Packlink PRO d&#8217;Espanya amb un temps aproximat de lliurament d&#8217;uns tres a quatre dies laborables si la compra \u00e9s igual o superior als 40,00 \u20ac. Si la compra \u00e9s inferior a l&#8217;esmentada quantitat se sumar\u00e0 a l&#8217;import final de venda 12,00 \u20ac (IVA incl\u00f2s) amb un temps aproximat d&#8217;entrega de 24\/48 hores o de \u20ac 10,00 (IVA incl\u00f2s) amb un temps aproximat d&#8217;entrega de 72 hores en concepte de despeses d&#8217;enviament per cada comanda.<\/p>\n<p><strong>-Resta del m\u00f3n (Europa i Internacional):<\/strong> Per enviaments a pa\u00efsos fora de l&#8217;entorn espanyol peninsular, Ceuta, Melilla o Andorra, preguem es posin en contacte amb l&#8217;editorial Caballo Regalado al correu electr\u00f2nic general de l&#8217;editorial: editorial@caballoregalado.com. El cost d&#8217;enviament variar\u00e0 depenent del pa\u00eds de destinaci\u00f3, i estar\u00e0 subjecte als costos de gesti\u00f3 i enviament que marquin empreses externes a l&#8217;editorial, aix\u00ed com altres impostos, aranzels i \/ o factures proforma que s&#8217;hagin de fer pel que fa a l&#8217;enviament.<\/p>\n<h2>Pol\u00edtica de devolucions<\/h2>\n<p>Per norma general, el comprador i \/ o usuari del lloc web disposar\u00e0 de 20 dies per poder tornar la compra realitzada en el Lloc Web, en els casos seg\u00fcents: Si el llibre adquirit \/ comprat al Lloc Web no es correspon amb el que efectivament s&#8217;hagi rebut, Caballo Regalado es far\u00e0 c\u00e0rrec dels costos d&#8217;enviament de la compra, tant dels d&#8217;enviament al domicili del comprador com dels de devoluci\u00f3 a l&#8217;editorial. En qualsevol cas, per poder realitzar aquesta devoluci\u00f3, ser\u00e0 necessari que s&#8217;afegeixi un comprovant amb validesa fiscal en qu\u00e8 es reflecteixi l&#8217;import dels costos de reenviament.<br \/>\nEn qualsevol altre cas diferent a l&#8217;assenyalat en el par\u00e0graf anterior, es far\u00e0 el reintegrament del preu del llibre un cop s&#8217;hagi rebut l&#8217;exemplar i s&#8217;hagi pogut comprovar que el mateix es troba en perfecte estat i sense cap tipus de senyals d&#8217;\u00fas. En aquest moment es descomptaran els costos de reenviament que s&#8217;haguessin ocasionat per l&#8217;enviament de la compra. En aquesta resta de sup\u00f2sits, Caballo Regalado no es far\u00e0 responsable, en cap concepte, dels costos soferts pel comprador en la devoluci\u00f3 dels exemplars remesos a l&#8217;editorial.<br \/>\nLes presents condicions de compra de llibres i productes del lloc web de Caballo Regalado, van ser redactades i aprovades a Barcelona en data de 30 d&#8217;octubre de 2018; podent ser modificades en qualsevol moment per part de l&#8217;editorial. Les condicions de compra seran regides per la normativa a aquest efecte i les normes i costums del sector artesanal a Espanya, sent el fur judicial en cas de controv\u00e8rsia entre editorial i comprador, el de Barcelona ciutat, amb expressa ren\u00fancia per part de totes les parts de qualsevol altra seu judicial que pogu\u00e9s correspondre.<\/p>\n","protected":false},"excerpt":{"rendered":"<p>Condicions de compra de llibres i productes en el lloc web Informaci\u00f3 general Respectant el que estableix la legislaci\u00f3 vigent, Don Dami\u00e1n Dichi Rusansky amb&#8230;<\/p>\n","protected":false},"author":7,"featured_media":0,"parent":0,"menu_order":0,"comment_status":"closed","ping_status":"closed","template":"","meta":{"footnotes":""},"class_list":["post-6732","page","type-page","status-publish","hentry"],"_links":{"self":[{"href":"https:\/\/caballoregalado.com\/ca\/wp-json\/wp\/v2\/pages\/6732","targetHints":{"allow":["GET"]}}],"collection":[{"href":"https:\/\/caballoregalado.com\/ca\/wp-json\/wp\/v2\/pages"}],"about":[{"href":"https:\/\/caballoregalado.com\/ca\/wp-json\/wp\/v2\/types\/page"}],"author":[{"embeddable":true,"href":"https:\/\/caballoregalado.com\/ca\/wp-json\/wp\/v2\/users\/7"}],"replies":[{"embeddable":true,"href":"https:\/\/caballoregalado.com\/ca\/wp-json\/wp\/v2\/comments?post=6732"}],"version-history":[{"count":0,"href":"https:\/\/caballoregalado.com\/ca\/wp-json\/wp\/v2\/pages\/6732\/revisions"}],"wp:attachment":[{"href":"https:\/\/caballoregalado.com\/ca\/wp-json\/wp\/v2\/media?parent=6732"}],"curies":[{"name":"wp","href":"https:\/\/api.w.org\/{rel}","templated":true}]}}