{"id":15193,"date":"2020-04-23T18:06:27","date_gmt":"2020-04-23T18:06:27","guid":{"rendered":"https:\/\/test.caballoregalado.com\/?post_type=product&#038;p=15193"},"modified":"2024-05-10T18:59:10","modified_gmt":"2024-05-10T18:59:10","slug":"queen-petita-biografia-il%c2%b7lustrada","status":"publish","type":"product","link":"https:\/\/caballoregalado.com\/ca\/ca-producto\/queen-petita-biografia-il%c2%b7lustrada\/","title":{"rendered":"Queen -Petita biografia il\u00b7lustrada-"},"content":{"rendered":"<p>El dibuix original del logo del grup va ser creat per\u00a0<em>Freddie\u00a0Mercury<\/em>, estudiant de disseny gr\u00e0fic. T\u00e9 s\u00edmbols representant el zod\u00edac de cadascun dels integrants: 2 lleons per a <em>John\u00a0Deacon<\/em>\u00a0i <em>Roger Taylor<\/em>, un cranc per al signe c\u00e0ncer de <em>Brian\u00a0May<\/em>\u00a0i dues fades representant a virgo per a qui va ser la seva veu principal. Els envoltava un gran ocell f\u00e8nix, representant l&#8217;esperan\u00e7a i la renovaci\u00f3.<br \/>\nUn bon auguri per a una de les bandes m\u00e9s importants de la m\u00fasica contempor\u00e0nia.<\/p>\n<p>300 p\u00e0gines<br \/>\ntapa tova<\/p>\n","protected":false},"excerpt":{"rendered":"<p>Amb il\u00b7lustracions originals i una recerca digna de fans, presentem la hist\u00f2ria de la gran banda brit\u00e0nica.<\/p>\n","protected":false},"featured_media":14983,"comment_status":"closed","ping_status":"closed","template":"","meta":[],"etheme_brands":[],"product_brand":[],"product_cat":[],"product_tag":[],"class_list":{"0":"post-15193","1":"product","2":"type-product","3":"status-publish","4":"has-post-thumbnail","7":"first","8":"instock","9":"taxable","10":"shipping-taxable","11":"purchasable","12":"product-type-simple"},"_links":{"self":[{"href":"https:\/\/caballoregalado.com\/ca\/wp-json\/wp\/v2\/product\/15193","targetHints":{"allow":["GET"]}}],"collection":[{"href":"https:\/\/caballoregalado.com\/ca\/wp-json\/wp\/v2\/product"}],"about":[{"href":"https:\/\/caballoregalado.com\/ca\/wp-json\/wp\/v2\/types\/product"}],"replies":[{"embeddable":true,"href":"https:\/\/caballoregalado.com\/ca\/wp-json\/wp\/v2\/comments?post=15193"}],"version-history":[{"count":0,"href":"https:\/\/caballoregalado.com\/ca\/wp-json\/wp\/v2\/product\/15193\/revisions"}],"wp:featuredmedia":[{"embeddable":true,"href":"https:\/\/caballoregalado.com\/ca\/wp-json\/wp\/v2\/media\/14983"}],"wp:attachment":[{"href":"https:\/\/caballoregalado.com\/ca\/wp-json\/wp\/v2\/media?parent=15193"}],"wp:term":[{"taxonomy":"brand","embeddable":true,"href":"https:\/\/caballoregalado.com\/ca\/wp-json\/wp\/v2\/etheme_brands?post=15193"},{"taxonomy":"product_brand","embeddable":true,"href":"https:\/\/caballoregalado.com\/ca\/wp-json\/wp\/v2\/product_brand?post=15193"},{"taxonomy":"product_cat","embeddable":true,"href":"https:\/\/caballoregalado.com\/ca\/wp-json\/wp\/v2\/product_cat?post=15193"},{"taxonomy":"product_tag","embeddable":true,"href":"https:\/\/caballoregalado.com\/ca\/wp-json\/wp\/v2\/product_tag?post=15193"}],"curies":[{"name":"wp","href":"https:\/\/api.w.org\/{rel}","templated":true}]}}