{"id":15244,"date":"2020-04-23T19:48:28","date_gmt":"2020-04-23T19:48:28","guid":{"rendered":"https:\/\/test.caballoregalado.com\/?post_type=product&#038;p=15244"},"modified":"2026-04-22T22:24:14","modified_gmt":"2026-04-22T22:24:14","slug":"bowie-petita-biografia-il%c2%b7lustrada","status":"publish","type":"product","link":"https:\/\/caballoregalado.com\/ca\/ca-producto\/bowie-petita-biografia-il%c2%b7lustrada\/","title":{"rendered":"Bowie -Petita biografia il\u00b7lustrada-"},"content":{"rendered":"<p>El 8 de gener de 2016, David Robert Jones va complir 69 anys i va publicar Blackstar, el seu sorprenent regal de comiat. Dos dies m\u00e9s tard el seu cor va deixar de palpitar i es va transformar definitivament en una llegenda.<br \/>\nEl nostre minillibre Bowie -Petita biograf\u00eda il\u00b7lustrada- \u00e9s un homenatge a un dels m\u00fasics m\u00e9s agosarats i vers\u00e0tils del rock i el pop, alg\u00fa que es va atrevir a transformar la seva vida en una obra d&#8217;art fins a l&#8217;\u00faltim dels seus sospirs. Un recorregut per tota la seva m\u00fasica, comentant cadascun dels seus \u00e0lbums, el seu comen\u00e7ament, les seves transformacions, el per\u00edode experimental alemany i el salt al m\u00f3n del pop en els 80.<br \/>\nSense deixar de costat la seva gran influ\u00e8ncia en la moda i el gran segell que ha deixat en l&#8217;\u00e0mbit art\u00edstic.<br \/>\nAmb il\u00b7lustracions originals.<\/p>\n<p>Detalls del minillibre David Bowie:<br \/>\n152 p\u00e0gines<br \/>\n9 cm x 9 cm<br \/>\nTapa tova<br \/>\nISBN: 978-84-17744-79-3<\/p>\n","protected":false},"excerpt":{"rendered":"<p>Et presentem el minillibre Bowie -Petita biograf\u00eda il\u00b7lustrada-.<br \/>\nL&#8217;influent llegat del camale\u00f3 continua vigent, i la seva dimensi\u00f3 art\u00edstica va aconseguir transcendir els l\u00edmits de la seva pr\u00f2pia m\u00fasica.<br \/>\nConeix en aquest llibre miniatura la hist\u00f2ria de l&#8217;home que va viatjar fins a les estrelles i va tornar per a explicar-lo.<\/p>\n","protected":false},"featured_media":15245,"comment_status":"closed","ping_status":"closed","template":"","meta":[],"etheme_brands":[],"product_brand":[],"product_cat":[],"product_tag":[],"class_list":{"0":"post-15244","1":"product","2":"type-product","3":"status-publish","4":"has-post-thumbnail","7":"first","8":"instock","9":"taxable","10":"shipping-taxable","11":"purchasable","12":"product-type-simple"},"_links":{"self":[{"href":"https:\/\/caballoregalado.com\/ca\/wp-json\/wp\/v2\/product\/15244","targetHints":{"allow":["GET"]}}],"collection":[{"href":"https:\/\/caballoregalado.com\/ca\/wp-json\/wp\/v2\/product"}],"about":[{"href":"https:\/\/caballoregalado.com\/ca\/wp-json\/wp\/v2\/types\/product"}],"replies":[{"embeddable":true,"href":"https:\/\/caballoregalado.com\/ca\/wp-json\/wp\/v2\/comments?post=15244"}],"version-history":[{"count":0,"href":"https:\/\/caballoregalado.com\/ca\/wp-json\/wp\/v2\/product\/15244\/revisions"}],"wp:featuredmedia":[{"embeddable":true,"href":"https:\/\/caballoregalado.com\/ca\/wp-json\/wp\/v2\/media\/15245"}],"wp:attachment":[{"href":"https:\/\/caballoregalado.com\/ca\/wp-json\/wp\/v2\/media?parent=15244"}],"wp:term":[{"taxonomy":"brand","embeddable":true,"href":"https:\/\/caballoregalado.com\/ca\/wp-json\/wp\/v2\/etheme_brands?post=15244"},{"taxonomy":"product_brand","embeddable":true,"href":"https:\/\/caballoregalado.com\/ca\/wp-json\/wp\/v2\/product_brand?post=15244"},{"taxonomy":"product_cat","embeddable":true,"href":"https:\/\/caballoregalado.com\/ca\/wp-json\/wp\/v2\/product_cat?post=15244"},{"taxonomy":"product_tag","embeddable":true,"href":"https:\/\/caballoregalado.com\/ca\/wp-json\/wp\/v2\/product_tag?post=15244"}],"curies":[{"name":"wp","href":"https:\/\/api.w.org\/{rel}","templated":true}]}}