{"id":15550,"date":"2021-03-23T15:20:43","date_gmt":"2021-03-23T15:20:43","guid":{"rendered":"https:\/\/test.caballoregalado.com\/?post_type=product&#038;p=15550"},"modified":"2024-05-10T17:22:09","modified_gmt":"2024-05-10T17:22:09","slug":"pack-minillibres-infantils-curiositats","status":"publish","type":"product","link":"https:\/\/caballoregalado.com\/ca\/ca-producto\/pack-minillibres-infantils-curiositats\/","title":{"rendered":"Pack Minillibres Infantils Curiositats"},"content":{"rendered":"<p>El nostre Pack Minillibres Infantils Curiositats est\u00e0 dissenyat per a les ments m\u00e9s observadores. Una trilogia de preguntes i respostes que abarquen innombrables tem\u00e0tiques.<br \/>\nEn el nostre did\u00e0ctic <em>El llibre dels per qu\u00e8?<\/em> aprendr\u00e0s per qu\u00e8 existeix l&#8217;eco, la ra\u00f3 per la qual a les sargantanes els torna a cr\u00e9ixer la cua o per qu\u00e8 es veuen estrelles durant el dia. Si ets una persona curiosa, no et desenganxar\u00e0s d&#8217;aquest minillibre.<br \/>\nSi a m\u00e9s ets una mica tafaner, amb <em>Xafarderies i curiositats<\/em> aprendr\u00e0s en unes poques l\u00ednies, entre altres coses, quantes dents tenen els elefants o de quin material era el pintallavis de Cleopatra.<br \/>\nI en el nostre c\u00e8lebre <em>Eureka<\/em>, et proposem viatjar per la hist\u00f2ria de la humanitat, els seus invents i els seus inventors. Coneixer\u00e0s qui va dissenyar la primera bicicleta, com per culpa d&#8217;una epid\u00e8mia es va arribar fins al pa amb mantega i com va canviar la humanitat quan es va inventar l&#8217;electricitat.<br \/>\n900 p\u00e0gines de coneixement i aprenentatge amb un preu especial i un suport de fusta de regal.<\/p>\n<p>Contingut del Pack Minillibres Infantils Curiositats<br \/>\n1 Reposallibres de fusta<br \/>\nEl llibre dels per qu\u00e8? (minillibre)<br \/>\nXafarderies i curiositats (minillibre)<br \/>\nEureka! -Invents en inventors- (minillibre)<br \/>\nTapa tova<br \/>\n6 cm x 5 cm (c\/o)<br \/>\n300 p\u00e0gines (c\/o)<\/p>\n","protected":false},"excerpt":{"rendered":"<p>Amb el nostre Pack Minillibres Infantils Curiositats et donem les respostes a gaireb\u00e9 tots els teus dubtes. Malgrat la grand\u00e0ria, en aquests 3 petits llibres toquem tots els pals. Podr\u00e0s saber quan es va inventar la roda, tafanejar en l&#8217;art i en el cos hum\u00e0 i contestar a m\u00e9s d&#8217;un d&#8217;aquests perqu\u00e8 que et preguntes sovint.<br \/>\nT&#8217;ho emportes amb el seu suport de fusta, ideal per a sostenir tant de coneixement.<\/p>\n","protected":false},"featured_media":15583,"comment_status":"closed","ping_status":"closed","template":"","meta":[],"etheme_brands":[],"product_brand":[],"product_cat":[],"product_tag":[],"class_list":{"0":"post-15550","1":"product","2":"type-product","3":"status-publish","4":"has-post-thumbnail","7":"first","8":"instock","9":"taxable","10":"shipping-taxable","11":"purchasable","12":"product-type-simple"},"_links":{"self":[{"href":"https:\/\/caballoregalado.com\/ca\/wp-json\/wp\/v2\/product\/15550","targetHints":{"allow":["GET"]}}],"collection":[{"href":"https:\/\/caballoregalado.com\/ca\/wp-json\/wp\/v2\/product"}],"about":[{"href":"https:\/\/caballoregalado.com\/ca\/wp-json\/wp\/v2\/types\/product"}],"replies":[{"embeddable":true,"href":"https:\/\/caballoregalado.com\/ca\/wp-json\/wp\/v2\/comments?post=15550"}],"version-history":[{"count":0,"href":"https:\/\/caballoregalado.com\/ca\/wp-json\/wp\/v2\/product\/15550\/revisions"}],"wp:featuredmedia":[{"embeddable":true,"href":"https:\/\/caballoregalado.com\/ca\/wp-json\/wp\/v2\/media\/15583"}],"wp:attachment":[{"href":"https:\/\/caballoregalado.com\/ca\/wp-json\/wp\/v2\/media?parent=15550"}],"wp:term":[{"taxonomy":"brand","embeddable":true,"href":"https:\/\/caballoregalado.com\/ca\/wp-json\/wp\/v2\/etheme_brands?post=15550"},{"taxonomy":"product_brand","embeddable":true,"href":"https:\/\/caballoregalado.com\/ca\/wp-json\/wp\/v2\/product_brand?post=15550"},{"taxonomy":"product_cat","embeddable":true,"href":"https:\/\/caballoregalado.com\/ca\/wp-json\/wp\/v2\/product_cat?post=15550"},{"taxonomy":"product_tag","embeddable":true,"href":"https:\/\/caballoregalado.com\/ca\/wp-json\/wp\/v2\/product_tag?post=15550"}],"curies":[{"name":"wp","href":"https:\/\/api.w.org\/{rel}","templated":true}]}}