{"id":15618,"date":"2021-03-25T12:27:02","date_gmt":"2021-03-25T12:27:02","guid":{"rendered":"https:\/\/test.caballoregalado.com\/?post_type=product&#038;p=15618"},"modified":"2024-05-10T17:14:43","modified_gmt":"2024-05-10T17:14:43","slug":"pack-minillibres-zen","status":"publish","type":"product","link":"https:\/\/caballoregalado.com\/ca\/ca-producto\/pack-minillibres-zen\/","title":{"rendered":"Pack Minillibres Zen"},"content":{"rendered":"<p class=\"p1\">Amb el nostre <i>Pack Minillbres Zen <\/i>volem oferir-te paraules per a aquietar la teva ment, perqu\u00e8 les coses succeeixin per si mateixes trobant el seu propi equilibri.<br \/>\nEn <i>Les millors frases del Zen<\/i><b>,<\/b> Buda, Bodhidharma, Huang-Po, Tich Nhat Hanh, Willigis J\u00e4ger i Berta Meneses, entre altres, il\u00b7luminen amb les seves paraules la sendera cap a la virtut. Un treball d&#8217;anys en el qual l&#8217;autor comparteix els grans ensenyaments que ha trobat en el seu intens cam\u00ed.<b><br \/>\n<\/b>En els <i>Contes Zen<\/i>, hem reunit 42 relats breus. Mitjan\u00e7ant l&#8217;\u00fas de diante el uso de paradoxes, ens inviten a descobrir els profunds missatges amagats darrera la seva simplicitat.<br \/>\nEl\u00a0<i>Tao Te King<\/i>, el m\u00e0xim llegat de Lao Tse, \u00e9s un dels llibres b\u00e0sics del pensament hum\u00e0 i la obra liter\u00e0ria m\u00e9s tradu\u00efda de China.<br \/>\nFluint amb la naturalesa, percebent com es det\u00e9 el temps i lliurant-nos lleugers al silenci, trobem en el Zen el lloc on el nostre veritable \u00e9sser m\u00e9s brilla.<\/p>\n<p>Contingut del Pack Minillibres Zen<br \/>\n1 Posallibres de fusta<br \/>\nLes millors frases del Zen (minillibre)<br \/>\nContes Zen (minillibre)<br \/>\nTao Te King (minillibre)<br \/>\nTapa tova<br \/>\n6 cm x 5 cm (c\/u)<br \/>\n300 p\u00e0gines (c\/u)<\/p>\n","protected":false},"excerpt":{"rendered":"<div class=\"kvgmc6g5 cxmmr5t8 oygrvhab hcukyx3x c1et5uql ii04i59q\">\n<div dir=\"auto\">\n<p>Si em preguntessis perqu\u00e8 habito<br \/>\nentre les verdes muntanyes,<br \/>\nriuria en silenci;<br \/>\nla meva \u00e0nima est\u00e0 en calma.<br \/>\nEl capoll del presseguer<br \/>\nsegueix a l&#8217;aigua en moviment.<br \/>\nHi ha un altre cel i una altra terra<br \/>\nm\u00e9s enll\u00e0 del m\u00f3n dels homes.<\/p>\n<p>&nbsp;<\/p>\n<p>Li Po (poeta de la dinastia Tang)<\/p>\n<\/div>\n<\/div>\n","protected":false},"featured_media":15601,"comment_status":"closed","ping_status":"closed","template":"","meta":[],"etheme_brands":[],"product_brand":[],"product_cat":[],"product_tag":[],"class_list":{"0":"post-15618","1":"product","2":"type-product","3":"status-publish","4":"has-post-thumbnail","7":"first","8":"instock","9":"taxable","10":"shipping-taxable","11":"purchasable","12":"product-type-simple"},"_links":{"self":[{"href":"https:\/\/caballoregalado.com\/ca\/wp-json\/wp\/v2\/product\/15618","targetHints":{"allow":["GET"]}}],"collection":[{"href":"https:\/\/caballoregalado.com\/ca\/wp-json\/wp\/v2\/product"}],"about":[{"href":"https:\/\/caballoregalado.com\/ca\/wp-json\/wp\/v2\/types\/product"}],"replies":[{"embeddable":true,"href":"https:\/\/caballoregalado.com\/ca\/wp-json\/wp\/v2\/comments?post=15618"}],"version-history":[{"count":0,"href":"https:\/\/caballoregalado.com\/ca\/wp-json\/wp\/v2\/product\/15618\/revisions"}],"wp:featuredmedia":[{"embeddable":true,"href":"https:\/\/caballoregalado.com\/ca\/wp-json\/wp\/v2\/media\/15601"}],"wp:attachment":[{"href":"https:\/\/caballoregalado.com\/ca\/wp-json\/wp\/v2\/media?parent=15618"}],"wp:term":[{"taxonomy":"brand","embeddable":true,"href":"https:\/\/caballoregalado.com\/ca\/wp-json\/wp\/v2\/etheme_brands?post=15618"},{"taxonomy":"product_brand","embeddable":true,"href":"https:\/\/caballoregalado.com\/ca\/wp-json\/wp\/v2\/product_brand?post=15618"},{"taxonomy":"product_cat","embeddable":true,"href":"https:\/\/caballoregalado.com\/ca\/wp-json\/wp\/v2\/product_cat?post=15618"},{"taxonomy":"product_tag","embeddable":true,"href":"https:\/\/caballoregalado.com\/ca\/wp-json\/wp\/v2\/product_tag?post=15618"}],"curies":[{"name":"wp","href":"https:\/\/api.w.org\/{rel}","templated":true}]}}