{"id":17658,"date":"2024-07-14T16:52:59","date_gmt":"2024-07-14T16:52:59","guid":{"rendered":"https:\/\/test.caballoregalado.com\/producto\/minillibre-el-cos-huma\/"},"modified":"2025-01-16T10:51:05","modified_gmt":"2025-01-16T10:51:05","slug":"minillibre-el-cos-huma","status":"publish","type":"product","link":"https:\/\/caballoregalado.com\/ca\/ca-producto\/minillibre-el-cos-huma\/","title":{"rendered":"Minillibre El cos hum\u00e0"},"content":{"rendered":"<p>En el minillibre <strong>El cos hum\u00e0<\/strong>, et farem, entre moltes altres, les seg\u00fcents preguntes:<br \/>\nSabies que el nostre cervell realitza tantes funcions que es pot comparar amb un potent\u00a0 ordinador?<br \/>\nI que els m\u00fasculs m\u00e9s r\u00e0pids de tot el nostre cos estan als ulls?<br \/>\nQue mous m\u00e9s m\u00fasculs de la cara enfadant-te que somrient?<br \/>\nI que les teves dents, no importa quant te\u2019ls respallis, seguir\u00e0 sent la llar de centenars de bacteris?<\/p>\n<p>Per aprendre alguna cosa tan complexa com el funcionament del nostre cos, millor fer-ho amb una petita dosi d&#8217;humor, conceptes molt ben explicats i dibuixos que ajudin a comprendre el que a vegades mil paraules no poden aconseguir.<\/p>\n<p>Et proposem una lectura amena i did\u00e0ctica que ajudar\u00e0 tant a nens com a adults a desxifrar aquest meravell\u00f3s entramat de sistemes, c\u00e8l\u00b7lules, ossos i \u00f2rgans que treballen sempre com un gran equip.<\/p>\n<p>Coneix qu\u00e8 succeeix dia a dia dins teu.<\/p>\n<p>300 p\u00e0gines<br \/>\n6 cm x 5 cm<br \/>\nISBN:978-84-127857-4-6<br \/>\nDipo\u0300sit legal:B 21127-2023<\/p>\n","protected":false},"excerpt":{"rendered":"<p><span style=\"font-family: Times New Roman, serif;\"><span style=\"font-size: large;\"><span style=\"color: #000000;\">En el minillibre <\/span><span style=\"color: #000000;\"><i>El Cos Hum\u00e0 <\/i><\/span><span style=\"color: #000000;\">et portem una petita i did\u00e0ctica guia per comprendre com funciona el nostre complex cos. Amb una mica d&#8217;humor, curiositats diverses i dades supervisades pel nostre metge de cap\u00e7alera, t&#8217;oferim un minillibre per con\u00e8ixer-te de cap a peus.<\/span><\/span><\/span><\/p>\n","protected":false},"featured_media":16676,"comment_status":"closed","ping_status":"closed","template":"","meta":[],"etheme_brands":[],"product_brand":[],"product_cat":[],"product_tag":[],"class_list":{"0":"post-17658","1":"product","2":"type-product","3":"status-publish","4":"has-post-thumbnail","7":"first","8":"instock","9":"taxable","10":"shipping-taxable","11":"purchasable","12":"product-type-variable"},"_links":{"self":[{"href":"https:\/\/caballoregalado.com\/ca\/wp-json\/wp\/v2\/product\/17658","targetHints":{"allow":["GET"]}}],"collection":[{"href":"https:\/\/caballoregalado.com\/ca\/wp-json\/wp\/v2\/product"}],"about":[{"href":"https:\/\/caballoregalado.com\/ca\/wp-json\/wp\/v2\/types\/product"}],"replies":[{"embeddable":true,"href":"https:\/\/caballoregalado.com\/ca\/wp-json\/wp\/v2\/comments?post=17658"}],"version-history":[{"count":0,"href":"https:\/\/caballoregalado.com\/ca\/wp-json\/wp\/v2\/product\/17658\/revisions"}],"wp:featuredmedia":[{"embeddable":true,"href":"https:\/\/caballoregalado.com\/ca\/wp-json\/wp\/v2\/media\/16676"}],"wp:attachment":[{"href":"https:\/\/caballoregalado.com\/ca\/wp-json\/wp\/v2\/media?parent=17658"}],"wp:term":[{"taxonomy":"brand","embeddable":true,"href":"https:\/\/caballoregalado.com\/ca\/wp-json\/wp\/v2\/etheme_brands?post=17658"},{"taxonomy":"product_brand","embeddable":true,"href":"https:\/\/caballoregalado.com\/ca\/wp-json\/wp\/v2\/product_brand?post=17658"},{"taxonomy":"product_cat","embeddable":true,"href":"https:\/\/caballoregalado.com\/ca\/wp-json\/wp\/v2\/product_cat?post=17658"},{"taxonomy":"product_tag","embeddable":true,"href":"https:\/\/caballoregalado.com\/ca\/wp-json\/wp\/v2\/product_tag?post=17658"}],"curies":[{"name":"wp","href":"https:\/\/api.w.org\/{rel}","templated":true}]}}