{"id":17783,"date":"2025-01-22T14:27:23","date_gmt":"2025-01-22T14:27:23","guid":{"rendered":"https:\/\/test.caballoregalado.com\/producto\/minillibre-sherlock-holmes-la-aventura-de-la-lliga-dels-pel-rojos-tapa-dura-2\/"},"modified":"2025-02-04T18:23:50","modified_gmt":"2025-02-04T18:23:50","slug":"minillibre-sherlock-holmes-la-aventura-de-la-lliga-dels-pel-rojos-tapa-dura-2","status":"publish","type":"product","link":"https:\/\/caballoregalado.com\/ca\/ca-producto\/minillibre-sherlock-holmes-la-aventura-de-la-lliga-dels-pel-rojos-tapa-dura-2\/","title":{"rendered":"Minillibre Sherlock Holmes \u2013La aventura de la lliga dels p\u00e8l-rojos -Tapa dura-"},"content":{"rendered":"<p>Al minillibre <em>Sherlock Holmes \u2013La aventura de la lliga dels p\u00e8l-rojos -Tapa dura-<\/em> oferim un dels 56 relats curts sobre Sherlock Holmes escrit per Arthur Conan Doyle. Publicat originalment a The Strand Magazine a l\u2019agost de 1891, i considerat per Conan Doyle segon a la llista de les seves 12 hist\u00f2ries favorites, aquest conte curt narrat de nou pel seu inefable assistent Watson, ens porta el cas d\u2019un prestamista londinenc amb \u201ccabells molt p\u00e8l-rojos\u201d, anomenat Jabez Wilson.<\/p>\n<p>Tot comen\u00e7a quan un bon dia troba un enigm\u00e0tic anunci:<br \/>\n\u201cA LA LIGA DELS P\u00c8L-ROJOS s\u2019ha produ\u00eft una altra vacant per a la qual s\u2019ofereix un salari de QUATRE LLIBRES a la setmana. Es consideraran totes les candidatures de varons p\u00e8l-rojos, sans de cos i ment i majors de vint-i-un anys\u201d.<br \/>\nPer\u00f2 despr\u00e9s del final abrupte i sorprenent del seu nou i at\u00edpic treball, el sr Wilson li demana a Holmes que averig\u00fci qu\u00e8 hi ha darrere de tot aquest misteri\u00f3s entramat. Sherlock i Watson -juntament amb nous aliats que es presenten en aquesta aventura- descobriran com una simple investigaci\u00f3 sobre un sospit\u00f3s treball, acaba convertint-se en una arriscada missi\u00f3 nocturna que els empenyar\u00e0 a evitar un horrible crim. Un nou conte acompanyat de les c\u00e8lebres il\u00b7lustracions que Sidney Paget va realitzar per a la seva s\u00e8rie a la c\u00e8lebre revista anglesa.<\/p>\n<p>Arthur Conan Doyle, el genial escriptor escoc\u00e8s considerat com un dels mestres de la narrativa polic\u00edaca, inspirat en les seves pr\u00f2pies experi\u00e8ncies i en els relats detectivescos del seu admirat Edgar Allan Poe, va publicar el 1887 la seva primera novel\u00b7la, Estudi en escarlata, primera aventura del personatge que el portaria a la fama: el detectiu Sherlock Holmes i el seu fidel amic, el doctor Henry Watson.<\/p>\n<p>Despr\u00e9s de l\u2019arrasador \u00e8xit de la seva primera novel\u00b7la, Doyle va continuar publicant per al peri\u00f2dic Strand Magazine altres aventures de Sherlock Holmes: El signe dels quatre (1890), Les aventures de Sherlock Holmes (1891-1892) i Les mem\u00f2ries de Sherlock Holmes (1892-1893), totes amb gran acceptaci\u00f3 de p\u00fablic i cr\u00edtica.<br \/>\nQuan al desembre de 1893 Doyle va escriure la novel\u00b7la El problema final, en la qual l\u2019autor \u201cassassinava\u201d al detectiu m\u00e9s c\u00e8lebre de tots els temps per qu\u00e8 estava cansat de la seva popularitat, es va desencadenar un veritable esc\u00e0ndol al si de la societat brit\u00e0nica.<\/p>\n<p>En total, Sherlock Holmes arribaria a protagonitzar 4 novel\u00b7les llargues i 56 relats curts recopilats en 5 toms i es transformaria en el major \u00edcono detectivesco de tots els temps.<\/p>\n<p>300 p\u00e1ginas<br \/>\n6,7 cm x 5,5 cm<br \/>\nTapa dura<br \/>\nEncuadernaci\u00f3n artesanal<\/p>\n<p class=\"p1\">ISBN: 978-84-127546-5-0<br \/>\nDip\u00f2sit legal: B 20799-2023<\/p>\n","protected":false},"excerpt":{"rendered":"<p>Afegim a la nostra col\u00b7lecci\u00f3 el <em>minillibre Sherlock Holmes \u2013La aventura de la lliga dels p\u00e8l-rojos -Tapa dura-, o<\/em>n Conan Doyle ens guia a trav\u00e9s del misteri d\u2019una estranya i selecta convocat\u00f2ria de treball ben remunerat que amaga un complex frau. Amb les il\u00b7lustracions originals de Sidney Paget, un magistral conte curt que et mantindr\u00e0 en tensi\u00f3 fins a l\u2019\u00faltima p\u00e0gina.<\/p>\n","protected":false},"featured_media":16876,"comment_status":"closed","ping_status":"closed","template":"","meta":[],"etheme_brands":[],"product_brand":[],"product_cat":[389,400],"product_tag":[],"class_list":{"0":"post-17783","1":"product","2":"type-product","3":"status-publish","4":"has-post-thumbnail","6":"product_cat-clasics","7":"product_cat-narrativa-ca","9":"first","10":"instock","11":"taxable","12":"shipping-taxable","13":"purchasable","14":"product-type-variable","15":"has-default-attributes"},"_links":{"self":[{"href":"https:\/\/caballoregalado.com\/ca\/wp-json\/wp\/v2\/product\/17783","targetHints":{"allow":["GET"]}}],"collection":[{"href":"https:\/\/caballoregalado.com\/ca\/wp-json\/wp\/v2\/product"}],"about":[{"href":"https:\/\/caballoregalado.com\/ca\/wp-json\/wp\/v2\/types\/product"}],"replies":[{"embeddable":true,"href":"https:\/\/caballoregalado.com\/ca\/wp-json\/wp\/v2\/comments?post=17783"}],"version-history":[{"count":0,"href":"https:\/\/caballoregalado.com\/ca\/wp-json\/wp\/v2\/product\/17783\/revisions"}],"wp:featuredmedia":[{"embeddable":true,"href":"https:\/\/caballoregalado.com\/ca\/wp-json\/wp\/v2\/media\/16876"}],"wp:attachment":[{"href":"https:\/\/caballoregalado.com\/ca\/wp-json\/wp\/v2\/media?parent=17783"}],"wp:term":[{"taxonomy":"brand","embeddable":true,"href":"https:\/\/caballoregalado.com\/ca\/wp-json\/wp\/v2\/etheme_brands?post=17783"},{"taxonomy":"product_brand","embeddable":true,"href":"https:\/\/caballoregalado.com\/ca\/wp-json\/wp\/v2\/product_brand?post=17783"},{"taxonomy":"product_cat","embeddable":true,"href":"https:\/\/caballoregalado.com\/ca\/wp-json\/wp\/v2\/product_cat?post=17783"},{"taxonomy":"product_tag","embeddable":true,"href":"https:\/\/caballoregalado.com\/ca\/wp-json\/wp\/v2\/product_tag?post=17783"}],"curies":[{"name":"wp","href":"https:\/\/api.w.org\/{rel}","templated":true}]}}