{"id":7520,"date":"2019-01-25T23:00:20","date_gmt":"2019-01-25T23:00:20","guid":{"rendered":"https:\/\/test.caballoregalado.com\/?post_type=product&#038;p=7520"},"modified":"2026-04-15T12:51:46","modified_gmt":"2026-04-15T12:51:46","slug":"els-contes-dels-germans-grimm","status":"publish","type":"product","link":"https:\/\/caballoregalado.com\/ca\/ca-producto\/els-contes-dels-germans-grimm\/","title":{"rendered":"Minillibre Els contes dels germans Grimm"},"content":{"rendered":"<p><span style=\"color: #000000;\"><span style=\"font-size: medium;\">Jacob i Wilhelm van ser dos germans que es van dedicar a recopilar i escriure contes i hist\u00f2ries populars del seu pa\u00eds, Alemanya.<br \/>\nVan arribar a reunir m\u00e9s de dos cents, a m\u00e9s de transcriure llegendes i comen\u00e7ar a c<\/span><\/span><span style=\"font-size: medium;\">re<\/span><span style=\"color: #000000;\"><span style=\"font-size: medium;\">ar un diccionari hist\u00f2ric que desafortunadament van deixar inconcl\u00fas.<br \/>\nMai van imaginar la transcend\u00e8ncia que tindria la seva obra, tant en reedicions dels seus llibres, com en el teatre, el cinema i la cultura popular de tot el m\u00f3n.<br \/>\n<\/span><\/span><span style=\"color: #000000;\"><span style=\"font-size: medium;\">Us presentem aqu\u00ed set cl\u00e0ssics il\u00b7lustrats, amb lletra gran i la m\u00e0gia de sempre.<\/span><\/span><\/p>\n<p>6 cm x 5 cm<br \/>\n300 p\u00e0gines<br \/>\nTapa tova<\/p>\n","protected":false},"excerpt":{"rendered":"<p><span style=\"color: #000000;\">\u201c<span style=\"font-size: medium;\">La Caputxeta Vermella\u201d, \u201cEls m\u00fasics de Bremen\u201d, \u201cBlancaneus\u201d i quatre contes m\u00e9s il\u00b7lustrats.<br \/>\nDescobreix els cl\u00e0ssics o inventa\u2019t una excusa per llegir-los hi als m\u00e9s petits i tornar a la inf\u00e0ncia.<\/span><\/span><\/p>\n","protected":false},"featured_media":7521,"comment_status":"open","ping_status":"closed","template":"","meta":[],"etheme_brands":[],"product_brand":[],"product_cat":[],"product_tag":[],"class_list":{"0":"post-7520","1":"product","2":"type-product","3":"status-publish","4":"has-post-thumbnail","7":"first","8":"instock","9":"taxable","10":"shipping-taxable","11":"purchasable","12":"product-type-simple"},"_links":{"self":[{"href":"https:\/\/caballoregalado.com\/ca\/wp-json\/wp\/v2\/product\/7520","targetHints":{"allow":["GET"]}}],"collection":[{"href":"https:\/\/caballoregalado.com\/ca\/wp-json\/wp\/v2\/product"}],"about":[{"href":"https:\/\/caballoregalado.com\/ca\/wp-json\/wp\/v2\/types\/product"}],"replies":[{"embeddable":true,"href":"https:\/\/caballoregalado.com\/ca\/wp-json\/wp\/v2\/comments?post=7520"}],"version-history":[{"count":0,"href":"https:\/\/caballoregalado.com\/ca\/wp-json\/wp\/v2\/product\/7520\/revisions"}],"wp:featuredmedia":[{"embeddable":true,"href":"https:\/\/caballoregalado.com\/ca\/wp-json\/wp\/v2\/media\/7521"}],"wp:attachment":[{"href":"https:\/\/caballoregalado.com\/ca\/wp-json\/wp\/v2\/media?parent=7520"}],"wp:term":[{"taxonomy":"brand","embeddable":true,"href":"https:\/\/caballoregalado.com\/ca\/wp-json\/wp\/v2\/etheme_brands?post=7520"},{"taxonomy":"product_brand","embeddable":true,"href":"https:\/\/caballoregalado.com\/ca\/wp-json\/wp\/v2\/product_brand?post=7520"},{"taxonomy":"product_cat","embeddable":true,"href":"https:\/\/caballoregalado.com\/ca\/wp-json\/wp\/v2\/product_cat?post=7520"},{"taxonomy":"product_tag","embeddable":true,"href":"https:\/\/caballoregalado.com\/ca\/wp-json\/wp\/v2\/product_tag?post=7520"}],"curies":[{"name":"wp","href":"https:\/\/api.w.org\/{rel}","templated":true}]}}