{"id":7556,"date":"2019-01-25T23:23:00","date_gmt":"2019-01-25T23:23:00","guid":{"rendered":"https:\/\/test.caballoregalado.com\/?post_type=product&#038;p=7556"},"modified":"2026-04-15T10:14:07","modified_gmt":"2026-04-15T10:14:07","slug":"poesies-catalanes","status":"publish","type":"product","link":"https:\/\/caballoregalado.com\/ca\/ca-producto\/poesies-catalanes\/","title":{"rendered":"Minillibre Poesies catalanes"},"content":{"rendered":"<p><span style=\"font-size: medium;\">Riba, Foix, Verdaguer, Alcover, Maragall, Salvat-Papasseit, Carner, Sagarra, Costa i Llobera, Mart\u00ed i Pol, Quart i Espriu.<br \/>\nEmoci\u00f3, lirisme i una petita biografia de cada un d\u2019aquests grans escriptors.<\/span><\/p>\n<p>6 cm x 5 cm<br \/>\n300 p\u00e0gines<br \/>\nTapa tova<\/p>\n","protected":false},"excerpt":{"rendered":"<p><span style=\"font-size: medium;\">Dotze poetes i una antologia profunda que constitueix la columna vertebral de la cultura catalana.<br \/>\nUna selecci\u00f3 molt curada dels poetes i poemes m\u00e9s destacats de la cultura catalana contempor\u00e0nia, triada amb consci\u00e8ncia, admiraci\u00f3 y sentit est\u00e8tic.<\/span><\/p>\n","protected":false},"featured_media":7557,"comment_status":"open","ping_status":"closed","template":"","meta":[],"etheme_brands":[],"product_brand":[],"product_cat":[],"product_tag":[],"class_list":{"0":"post-7556","1":"product","2":"type-product","3":"status-publish","4":"has-post-thumbnail","7":"first","8":"instock","9":"taxable","10":"shipping-taxable","11":"purchasable","12":"product-type-simple"},"_links":{"self":[{"href":"https:\/\/caballoregalado.com\/ca\/wp-json\/wp\/v2\/product\/7556","targetHints":{"allow":["GET"]}}],"collection":[{"href":"https:\/\/caballoregalado.com\/ca\/wp-json\/wp\/v2\/product"}],"about":[{"href":"https:\/\/caballoregalado.com\/ca\/wp-json\/wp\/v2\/types\/product"}],"replies":[{"embeddable":true,"href":"https:\/\/caballoregalado.com\/ca\/wp-json\/wp\/v2\/comments?post=7556"}],"version-history":[{"count":0,"href":"https:\/\/caballoregalado.com\/ca\/wp-json\/wp\/v2\/product\/7556\/revisions"}],"wp:featuredmedia":[{"embeddable":true,"href":"https:\/\/caballoregalado.com\/ca\/wp-json\/wp\/v2\/media\/7557"}],"wp:attachment":[{"href":"https:\/\/caballoregalado.com\/ca\/wp-json\/wp\/v2\/media?parent=7556"}],"wp:term":[{"taxonomy":"brand","embeddable":true,"href":"https:\/\/caballoregalado.com\/ca\/wp-json\/wp\/v2\/etheme_brands?post=7556"},{"taxonomy":"product_brand","embeddable":true,"href":"https:\/\/caballoregalado.com\/ca\/wp-json\/wp\/v2\/product_brand?post=7556"},{"taxonomy":"product_cat","embeddable":true,"href":"https:\/\/caballoregalado.com\/ca\/wp-json\/wp\/v2\/product_cat?post=7556"},{"taxonomy":"product_tag","embeddable":true,"href":"https:\/\/caballoregalado.com\/ca\/wp-json\/wp\/v2\/product_tag?post=7556"}],"curies":[{"name":"wp","href":"https:\/\/api.w.org\/{rel}","templated":true}]}}