{"id":7565,"date":"2019-01-25T23:27:03","date_gmt":"2019-01-25T23:27:03","guid":{"rendered":"https:\/\/test.caballoregalado.com\/?post_type=product&#038;p=7565"},"modified":"2026-04-21T05:02:04","modified_gmt":"2026-04-21T05:02:04","slug":"sherlock-holmes-laventura-de-la-banda-de-topos","status":"publish","type":"product","link":"https:\/\/caballoregalado.com\/ca\/ca-producto\/sherlock-holmes-laventura-de-la-banda-de-topos\/","title":{"rendered":"Minillibre Sherlock Holmes &#8211; L&#8217;aventura de la banda de topos"},"content":{"rendered":"<p><span style=\"color: #000000;\"><span style=\"font-size: medium;\">Aquest conte curt de Conan Doyle va ser publicat per primera vegada <\/span><\/span><span style=\"font-size: medium;\">al diari <\/span><span style=\"font-size: medium;\"><i>The Strand<\/i><\/span><span style=\"color: #000000;\"><span style=\"font-size: medium;\"> el 1892.<br \/>\nIgual que l\u2019original, aquesta edici\u00f3 cont\u00e9 les emblem\u00e0tiques il\u00b7lustracions de Sidney Paget.<br \/>\nI tota la m\u00edstica policial.<br \/>\n<\/span><\/span><span style=\"color: #000000;\"><span style=\"font-size: medium;\">No necessitar\u00e0s lupa!<\/span><\/span><\/p>\n<p>6 cm x 5 cm<br \/>\n300 p\u00e0gines<br \/>\nTapa tova<\/p>\n","protected":false},"excerpt":{"rendered":"<p><span style=\"color: #000000;\"><span style=\"font-size: medium;\">Un dels relats m\u00e9s rodons de Conan Doyle.<br \/>\nTota una lli\u00e7\u00f3 de l\u00f2gica i dots narratives.<\/span><\/span><\/p>\n","protected":false},"featured_media":7566,"comment_status":"open","ping_status":"closed","template":"","meta":[],"etheme_brands":[],"product_brand":[],"product_cat":[],"product_tag":[],"class_list":{"0":"post-7565","1":"product","2":"type-product","3":"status-publish","4":"has-post-thumbnail","7":"first","8":"instock","9":"taxable","10":"shipping-taxable","11":"purchasable","12":"product-type-simple"},"_links":{"self":[{"href":"https:\/\/caballoregalado.com\/ca\/wp-json\/wp\/v2\/product\/7565","targetHints":{"allow":["GET"]}}],"collection":[{"href":"https:\/\/caballoregalado.com\/ca\/wp-json\/wp\/v2\/product"}],"about":[{"href":"https:\/\/caballoregalado.com\/ca\/wp-json\/wp\/v2\/types\/product"}],"replies":[{"embeddable":true,"href":"https:\/\/caballoregalado.com\/ca\/wp-json\/wp\/v2\/comments?post=7565"}],"version-history":[{"count":0,"href":"https:\/\/caballoregalado.com\/ca\/wp-json\/wp\/v2\/product\/7565\/revisions"}],"wp:featuredmedia":[{"embeddable":true,"href":"https:\/\/caballoregalado.com\/ca\/wp-json\/wp\/v2\/media\/7566"}],"wp:attachment":[{"href":"https:\/\/caballoregalado.com\/ca\/wp-json\/wp\/v2\/media?parent=7565"}],"wp:term":[{"taxonomy":"brand","embeddable":true,"href":"https:\/\/caballoregalado.com\/ca\/wp-json\/wp\/v2\/etheme_brands?post=7565"},{"taxonomy":"product_brand","embeddable":true,"href":"https:\/\/caballoregalado.com\/ca\/wp-json\/wp\/v2\/product_brand?post=7565"},{"taxonomy":"product_cat","embeddable":true,"href":"https:\/\/caballoregalado.com\/ca\/wp-json\/wp\/v2\/product_cat?post=7565"},{"taxonomy":"product_tag","embeddable":true,"href":"https:\/\/caballoregalado.com\/ca\/wp-json\/wp\/v2\/product_tag?post=7565"}],"curies":[{"name":"wp","href":"https:\/\/api.w.org\/{rel}","templated":true}]}}