{"id":7571,"date":"2019-01-25T23:29:37","date_gmt":"2019-01-25T23:29:37","guid":{"rendered":"https:\/\/test.caballoregalado.com\/?post_type=product&#038;p=7571"},"modified":"2026-04-22T22:23:55","modified_gmt":"2026-04-22T22:23:55","slug":"trucs-de-magia","status":"publish","type":"product","link":"https:\/\/caballoregalado.com\/ca\/ca-producto\/trucs-de-magia\/","title":{"rendered":"Minillibre Trucs de magia"},"content":{"rendered":"<p><span style=\"color: #000000;\"><span style=\"font-size: medium;\">Trucs amb cartes, monedes, la hist\u00f2ria de la m\u00e0gia i les deu pautes imprescindibles del mag per prendre\u2019t l\u2019ofici seriosament..<br \/>\nAmb il\u00b7lustracions i trucs explicats al detall.<br \/>\nNo vam poder ficar ni el barret de copa ni el conill, per\u00f2 amb una mica de pr\u00e0ctica segur que apareixen!<\/span><\/span><\/p>\n<p>6 cm x 5 cm<br \/>\n300 p\u00e0gines<br \/>\nTapa tova<\/p>\n","protected":false},"excerpt":{"rendered":"<p><span style=\"color: #000000;\"><span style=\"font-size: medium;\">Fes desapar\u00e8ixer un saler, endevina un n\u00famero amb daus o amb un terr\u00f2s de sucre i canvia de lloc una moneda sense tocar-la..<br \/>\nI fes que els teus pares comprin aquest llibre, com per art de m\u00e0gia. <\/span><\/span><\/p>\n","protected":false},"featured_media":7572,"comment_status":"open","ping_status":"closed","template":"","meta":[],"etheme_brands":[],"product_brand":[],"product_cat":[],"product_tag":[],"class_list":{"0":"post-7571","1":"product","2":"type-product","3":"status-publish","4":"has-post-thumbnail","7":"first","8":"instock","9":"taxable","10":"shipping-taxable","11":"purchasable","12":"product-type-simple"},"_links":{"self":[{"href":"https:\/\/caballoregalado.com\/ca\/wp-json\/wp\/v2\/product\/7571","targetHints":{"allow":["GET"]}}],"collection":[{"href":"https:\/\/caballoregalado.com\/ca\/wp-json\/wp\/v2\/product"}],"about":[{"href":"https:\/\/caballoregalado.com\/ca\/wp-json\/wp\/v2\/types\/product"}],"replies":[{"embeddable":true,"href":"https:\/\/caballoregalado.com\/ca\/wp-json\/wp\/v2\/comments?post=7571"}],"version-history":[{"count":0,"href":"https:\/\/caballoregalado.com\/ca\/wp-json\/wp\/v2\/product\/7571\/revisions"}],"wp:featuredmedia":[{"embeddable":true,"href":"https:\/\/caballoregalado.com\/ca\/wp-json\/wp\/v2\/media\/7572"}],"wp:attachment":[{"href":"https:\/\/caballoregalado.com\/ca\/wp-json\/wp\/v2\/media?parent=7571"}],"wp:term":[{"taxonomy":"brand","embeddable":true,"href":"https:\/\/caballoregalado.com\/ca\/wp-json\/wp\/v2\/etheme_brands?post=7571"},{"taxonomy":"product_brand","embeddable":true,"href":"https:\/\/caballoregalado.com\/ca\/wp-json\/wp\/v2\/product_brand?post=7571"},{"taxonomy":"product_cat","embeddable":true,"href":"https:\/\/caballoregalado.com\/ca\/wp-json\/wp\/v2\/product_cat?post=7571"},{"taxonomy":"product_tag","embeddable":true,"href":"https:\/\/caballoregalado.com\/ca\/wp-json\/wp\/v2\/product_tag?post=7571"}],"curies":[{"name":"wp","href":"https:\/\/api.w.org\/{rel}","templated":true}]}}